{"id":13,"date":"2026-03-14T23:17:29","date_gmt":"2026-03-14T22:17:29","guid":{"rendered":"https:\/\/nowa.nietylkoscianki.pl\/?page_id=13"},"modified":"2026-03-19T22:24:56","modified_gmt":"2026-03-19T21:24:56","slug":"my","status":"publish","type":"page","link":"https:\/\/nowa.nietylkoscianki.pl\/","title":{"rendered":"MY."},"content":{"rendered":"\n<p class=\"has-text-align-center\">Jeste\u015bmy na rynku weselno-eventowym od ponad 10 lat. Nasza historia zacz\u0119\u0142a si\u0119 bardzo naturalnie \u2014 od w\u0142asnego wesela. To w\u0142a\u015bnie wtedy powsta\u0142 nasz pierwszy napis YOU&amp;ME, kt\u00f3ry mo\u017cecie zobaczy\u0107 na stronie g\u0142\u00f3wnej. Od tego momentu wszystko zacz\u0119\u0142o si\u0119 rozwija\u0107.<\/p>\n\n\n\n<p class=\"has-text-align-center\">Z czasem pojawia\u0142y si\u0119 kolejne realizacje i produkty, kt\u00f3re wielu klient\u00f3w zna do dzi\u015b \u2014 mi\u0119dzy innymi FotoDziupla oraz nasz nie\u015bmiertelny napis Mi\u0142o\u015b\u0107. Ka\u017cdy kolejny projekt dawa\u0142 nam nowe do\u015bwiadczenie i utwierdza\u0142 nas w przekonaniu, \u017ce chcemy tworzy\u0107 co\u015b wyj\u0105tkowego dla innych.<\/p>\n\n\n\n<p class=\"has-text-align-center\">Dzi\u015b posiadamy jedn\u0105 z najwi\u0119kszych ofert na rynku weselno-eventowym i wci\u0105\u017c si\u0119 rozwijamy. Nie stoimy w miejscu, szukamy nowych pomys\u0142\u00f3w, tworzymy nowe realizacje i stale poszerzamy to, co mo\u017cemy zaproponowa\u0107 naszym klientom.<\/p>\n\n\n\n<p class=\"has-text-align-center\">Na co dzie\u0144 realizujemy r\u00f3wnie\u017c projekty stolarskie, dzi\u0119ki czemu dysponujemy rozbudowanym parkiem maszyn i urz\u0105dze\u0144. To daje nam du\u017c\u0105 swobod\u0119 w projektowaniu i tworzeniu w\u0142asnych rozwi\u0105za\u0144, a przede wszystkim pozwala dba\u0107 o wysok\u0105 jako\u015b\u0107 wykonania, trwa\u0142o\u015b\u0107 i estetyk\u0119 ka\u017cdego produktu.<\/p>\n\n\n\n<p class=\"has-text-align-center\">Wa\u017cnym momentem w naszej historii by\u0142o po\u0142\u0105czenie dotychczasowych marek, takich jak FotoDziupla i Napisy Na Wynajem, w jedn\u0105 sp\u00f3jn\u0105 mark\u0119 \u2014 Nie Tylko \u015acianki. To w\u0142a\u015bnie tutaj \u0142\u0105czymy nasze do\u015bwiadczenie, kreatywno\u015b\u0107 i r\u00f3\u017cne obszary dzia\u0142alno\u015bci w jedn\u0105, przemy\u015blan\u0105 ofert\u0119.<\/p>\n\n\n\n<p class=\"has-text-align-center\">Jest te\u017c najs\u0142odsza cz\u0119\u015b\u0107 naszej firmy \u2014 moja \u017cona Ewa, kt\u00f3ra wnosi do marki wyj\u0105tkowy klimat i zajmuje si\u0119 serwisem deserowym w postaci nadziewania w\u0142oskich ciastek Cannoli. To pi\u0119kny przyk\u0142ad tego, jak w naszej marce \u0142\u0105cz\u0105 si\u0119 estetyka, do\u015bwiadczenie i pomys\u0142y, kt\u00f3re tworz\u0105 co\u015b wi\u0119cej ni\u017c tylko standardow\u0105 us\u0142ug\u0119.<\/p>\n\n\n\n<p class=\"has-text-align-center\">To tyle o nas\u2026<\/p>\n\n\n\n<p class=\"has-text-align-center\">A co mo\u017cemy stworzy\u0107 dla Was?<\/p>\n\n\n\n<figure class=\"wp-block-gallery has-nested-images columns-default is-cropped wp-block-gallery-1 is-layout-flex wp-block-gallery-is-layout-flex\">\n<figure class=\"wp-block-image size-large\"><img loading=\"lazy\" decoding=\"async\" width=\"1024\" height=\"683\" data-id=\"42\" src=\"http:\/\/nowa.nietylkoscianki.pl\/wp-content\/uploads\/2026\/03\/Sesja-Toskania-797_websize-1024x683.jpg\" alt=\"\" class=\"wp-image-42\" srcset=\"https:\/\/nowa.nietylkoscianki.pl\/wp-content\/uploads\/2026\/03\/Sesja-Toskania-797_websize-1024x683.jpg 1024w, https:\/\/nowa.nietylkoscianki.pl\/wp-content\/uploads\/2026\/03\/Sesja-Toskania-797_websize-300x200.jpg 300w, https:\/\/nowa.nietylkoscianki.pl\/wp-content\/uploads\/2026\/03\/Sesja-Toskania-797_websize-768x512.jpg 768w, https:\/\/nowa.nietylkoscianki.pl\/wp-content\/uploads\/2026\/03\/Sesja-Toskania-797_websize-1536x1024.jpg 1536w, https:\/\/nowa.nietylkoscianki.pl\/wp-content\/uploads\/2026\/03\/Sesja-Toskania-797_websize-1080x720.jpg 1080w, https:\/\/nowa.nietylkoscianki.pl\/wp-content\/uploads\/2026\/03\/Sesja-Toskania-797_websize.jpg 1600w\" sizes=\"auto, (max-width: 1024px) 100vw, 1024px\" \/><\/figure>\n<\/figure>\n","protected":false},"excerpt":{"rendered":"<p>Jeste\u015bmy na rynku weselno-eventowym od ponad 10 lat. Nasza historia zacz\u0119\u0142a si\u0119 bardzo naturalnie \u2014 od w\u0142asnego wesela. To w\u0142a\u015bnie wtedy powsta\u0142 nasz pierwszy napis YOU&amp;ME, kt\u00f3ry mo\u017cecie zobaczy\u0107 na stronie g\u0142\u00f3wnej. Od tego momentu wszystko zacz\u0119\u0142o si\u0119 rozwija\u0107. Z czasem pojawia\u0142y si\u0119 kolejne realizacje i produkty, kt\u00f3re wielu klient\u00f3w zna do dzi\u015b \u2014 mi\u0119dzy [&hellip;]<\/p>\n","protected":false},"author":1,"featured_media":33,"parent":0,"menu_order":0,"comment_status":"closed","ping_status":"closed","template":"","meta":{"footnotes":""},"class_list":["post-13","page","type-page","status-publish","has-post-thumbnail","hentry"],"_links":{"self":[{"href":"https:\/\/nowa.nietylkoscianki.pl\/index.php\/wp-json\/wp\/v2\/pages\/13","targetHints":{"allow":["GET"]}}],"collection":[{"href":"https:\/\/nowa.nietylkoscianki.pl\/index.php\/wp-json\/wp\/v2\/pages"}],"about":[{"href":"https:\/\/nowa.nietylkoscianki.pl\/index.php\/wp-json\/wp\/v2\/types\/page"}],"author":[{"embeddable":true,"href":"https:\/\/nowa.nietylkoscianki.pl\/index.php\/wp-json\/wp\/v2\/users\/1"}],"replies":[{"embeddable":true,"href":"https:\/\/nowa.nietylkoscianki.pl\/index.php\/wp-json\/wp\/v2\/comments?post=13"}],"version-history":[{"count":12,"href":"https:\/\/nowa.nietylkoscianki.pl\/index.php\/wp-json\/wp\/v2\/pages\/13\/revisions"}],"predecessor-version":[{"id":50,"href":"https:\/\/nowa.nietylkoscianki.pl\/index.php\/wp-json\/wp\/v2\/pages\/13\/revisions\/50"}],"wp:featuredmedia":[{"embeddable":true,"href":"https:\/\/nowa.nietylkoscianki.pl\/index.php\/wp-json\/wp\/v2\/media\/33"}],"wp:attachment":[{"href":"https:\/\/nowa.nietylkoscianki.pl\/index.php\/wp-json\/wp\/v2\/media?parent=13"}],"curies":[{"name":"wp","href":"https:\/\/api.w.org\/{rel}","templated":true}]}}